{"id":121,"date":"2016-09-02T00:13:47","date_gmt":"2016-09-02T00:13:47","guid":{"rendered":"http:\/\/loisirslavalouest.org\/Site2016\/?page_id=121"},"modified":"2025-12-27T09:40:41","modified_gmt":"2025-12-27T09:40:41","slug":"peinture","status":"publish","type":"page","link":"http:\/\/www.LOISIRSLAVALOUEST.ORG\/?page_id=121","title":{"rendered":"Peinture &#8211; Adultes &#8211; Hiver 2026"},"content":{"rendered":"<p><!--h3><center><strong>*** Mise \u00e0 jour \u00e0 venir bient\u00f4t pour session Hiver 2026 ***<\/strong><\/center><\/h3>\n\n\n\n\n<h4><center><strong>On travaille tr\u00e8s fort en ce moment pour faire la\nmise \u00e0 jour de cette page avec tous les d\u00e9tails tr\u00e8s bient\u00f4t ! \ud83d\ude42\nAlors, revenez voir cette page dans quelques jours !<\/strong><\/center><\/h4>\n\n\n<center><img loading=\"lazy\" decoding=\"async\" src=\"http:\/\/www.LOISIRSLAVALOUEST.ORG\/wp-content\/uploads\/2022\/01\/Montage_Image_gratuite_Pixabay_pris_3_janv_2022_pour_site_LoisirsLavalOuest_handyman_et_programming_1857236.jpg\" alt=\"Page en construction\" width=\"500\" height=\"600\" class=\"aligncenter size-large wp-image-216\"><\/center--><\/p>\n<h5><\/h5>\n<p><strong><\/strong><\/p>\n<h1><img loading=\"lazy\" decoding=\"async\" src=\"http:\/\/loisirslavalouest.org\/Site2016\/wp-content\/uploads\/2018\/08\/PeintureAdulte_PixabayFreePicture_2440886_640-300x228.png\" alt=\"PeintureAdulte_PixabayFreePicture_2440886_640\" class=\"aligncenter size-medium wp-image-1555\" height=\"203\" width=\"266\" srcset=\"http:\/\/www.LOISIRSLAVALOUEST.ORG\/wp-content\/uploads\/2018\/08\/PeintureAdulte_PixabayFreePicture_2440886_640-300x228.png 300w, http:\/\/www.LOISIRSLAVALOUEST.ORG\/wp-content\/uploads\/2018\/08\/PeintureAdulte_PixabayFreePicture_2440886_640.png 357w\" sizes=\"auto, (max-width: 266px) 100vw, 266px\" \/><\/h1>\n<table>\n<tbody><\/tbody>\n<\/table>\n<ul><\/ul>\n<p><!--center><b>* Notez bien : le co\u00fbt de l'activit\u00e9 inclus des frais de $10.00<\/b><\/center><b><center> pour l'achat de mat\u00e9riaux (peinture, solvant, essuie-tout, etc) utilis\u00e9s durant les cours.<\/b><\/center--><\/p>\n<table>\n<tbody><\/tbody>\n<\/table>\n<table style=\"frame:3px solid #000000;border:2px solid #000000;rules=\" all\";\"=\"\">\n<tbody>\n<tr>\n<th style=\"background-color:#2ECCFA;border:2px solid #000000;\" align=\"right\" width=\"50%\"><b> \u00c2GE &nbsp;&nbsp;<\/b><\/th>\n<td style=\"background-color:#FFFFFF;border:2px solid #000000;\" align=\"left\" width=\"50%\">&nbsp;&nbsp; <strong>18 ans et +<\/strong><\/td>\n<\/tr>\n<tr>\n<td style=\"background-color:#F3F781;border:2px solid #000000;\" align=\"right\" width=\"50%\"><b>SOIR &nbsp;&nbsp;<\/b><\/td>\n<td style=\"background-color:#FFFFFF;border:2px solid #000000;\" align=\"left\" width=\"50%\">&nbsp;&nbsp;<strong> Mercredi<\/strong><\/td>\n<\/tr>\n<tr>\n<td style=\"background-color:#FE9A2E;border:2px solid #000000;\" align=\"right\" width=\"50%\"><b>HEURES &nbsp;&nbsp;<\/b><\/td>\n<td style=\"background-color:#FFFFFF;border:2px solid #000000;\" align=\"left\" width=\"50%\">&nbsp;&nbsp; <strong>19 h 00 \u00e0 21 h 30<\/strong><\/td>\n<\/tr>\n<tr>\n<td style=\"background-color:#8A0829;border:2px solid #000000;\" align=\"right\" width=\"50%\"><font color=\"white\"><b>DUR\u00c9E DES COURS &nbsp;&nbsp;<\/b><\/font><\/td>\n<td style=\"background-color:#FFFFFF;border:2px solid #000000;\" align=\"left\" width=\"50%\">&nbsp;&nbsp; <strong>2 h 30<\/strong><\/td>\n<\/tr>\n<tr>\n<td style=\"background-color:#6E6E6E;border:2px solid #000000;\" align=\"right\" width=\"50%\"><b><font color=\"white\">NOMBRE DE SEMAINES &nbsp;&nbsp;<\/font><\/b><\/td>\n<td style=\"background-color:#FFFFFF;border:2px solid #000000;\" align=\"left\" width=\"50%\">&nbsp;&nbsp; <strong>12 semaines<\/strong><\/td>\n<\/tr>\n<tr>\n<td style=\"background-color:#088A29;border:2px solid #000000;\" align=\"right\" width=\"50%\"><b><font color=\"white\">DUR\u00c9E TOTALE &nbsp;&nbsp;<\/font><\/b><\/td>\n<td style=\"background-color:#FFFFFF;border:2px solid #000000;\" align=\"left\" width=\"50%\">&nbsp;&nbsp; <strong>30 heures<\/strong><\/td>\n<\/tr>\n<tr>\n<td style=\"background-color:#000000;border:2px solid #000000;\" align=\"right\" width=\"50%\"><b><font color=\"white\">CO\u00dbT &nbsp;&nbsp;<\/font><\/b><\/td>\n<td style=\"background-color:#FFFFFF;border:2px solid #000000;\" align=\"left\" width=\"50%\">&nbsp;&nbsp; <strong>180 $ **<\/strong><\/td>\n<\/tr>\n<\/tbody>\n<\/table>\n<p><b><\/b><\/p>\n<p><center><b>** Sont consid\u00e9r\u00e9es mineures, les personnes de 17 ans et moins,<br \/>\net de 18 \u00e0 21 ans avec preuve \u00e9tudiante \u00e0 plein temps.<\/b><\/center><\/p>\n<table>\n<tbody>\n<tr>\n<td style=\"background-color:#045FB4;border:2px solid #000000;\" align=\"right\" width=\"50%\"><b><font color=\"white\">PROFESSEUR &nbsp;&nbsp;<\/font><\/b><\/td>\n<td style=\"background-color:#FFFFFF;border:2px solid #000000;\" align=\"left\" width=\"50%\">&nbsp;&nbsp; <strong>\u00c0 d\u00e9terminer<\/strong><\/td>\n<\/tr>\n<\/tbody>\n<\/table>\n<table>\n<tbody>\n<tr>\n<td style=\"background-color:#FFFFFF;border:2px solid #000000;\"><center><b>Pour plus d&#8217;informations, svp contacter la personne responsable de ce cours :<\/b><\/center><\/td>\n<\/tr>\n<tr>\n<td style=\"background-color:#2ECCFA;border:2px solid #000000;\" width=\"100%\"><center><b>France Riendeau<\/b><\/center><\/td>\n<\/tr>\n<tr>\n<td style=\"background-color:#FFFFFF;border:2px solid #000000;\"><img loading=\"lazy\" decoding=\"async\" src=\"http:\/\/loisirslavalouest.org\/Site2016\/wp-content\/uploads\/2017\/08\/FranceRiendeau2017-300x300.jpg\" alt=\"FranceRiendeau2017\" class=\"aligncenter size-medium wp-image-742\" height=\"150\" width=\"150\" srcset=\"http:\/\/www.LOISIRSLAVALOUEST.ORG\/wp-content\/uploads\/2017\/08\/FranceRiendeau2017-300x300.jpg 300w, http:\/\/www.LOISIRSLAVALOUEST.ORG\/wp-content\/uploads\/2017\/08\/FranceRiendeau2017-150x150.jpg 150w, http:\/\/www.LOISIRSLAVALOUEST.ORG\/wp-content\/uploads\/2017\/08\/FranceRiendeau2017-100x100.jpg 100w, http:\/\/www.LOISIRSLAVALOUEST.ORG\/wp-content\/uploads\/2017\/08\/FranceRiendeau2017.jpg 451w\" sizes=\"auto, (max-width: 150px) 100vw, 150px\" \/><\/td>\n<\/tr>\n<tr>\n<td style=\"background-color:#2ECCFA;border:2px solid #000000;\" width=\"100%\"><center><strong>T\u00e9l.: 514 641-1603<\/strong><\/center><\/td>\n<\/tr>\n<\/tbody>\n<\/table>\n","protected":false},"excerpt":{"rendered":"<p>\u00c2GE &nbsp;&nbsp; &nbsp;&nbsp; 18 ans et + SOIR &nbsp;&nbsp; &nbsp;&nbsp; Mercredi HEURES &nbsp;&nbsp; &nbsp;&nbsp; 19 h 00 \u00e0 21 h 30 DUR\u00c9E DES COURS &nbsp;&nbsp; &nbsp;&nbsp; 2 h 30 NOMBRE DE SEMAINES &nbsp;&nbsp; &nbsp;&nbsp; 12 semaines DUR\u00c9E TOTALE &nbsp;&nbsp; &nbsp;&nbsp; 30 heures CO\u00dbT &nbsp;&nbsp; &nbsp;&nbsp; 180 $ ** ** Sont consid\u00e9r\u00e9es mineures, les personnes de &hellip; <a href=\"http:\/\/www.LOISIRSLAVALOUEST.ORG\/?page_id=121\" class=\"more-link\">Continue reading <span class=\"screen-reader-text\">Peinture &#8211; Adultes &#8211; Hiver 2026<\/span><\/a><\/p>\n","protected":false},"author":1,"featured_media":0,"parent":0,"menu_order":0,"comment_status":"closed","ping_status":"closed","template":"","meta":{"footnotes":""},"class_list":["post-121","page","type-page","status-publish","hentry"],"_links":{"self":[{"href":"http:\/\/www.LOISIRSLAVALOUEST.ORG\/index.php?rest_route=\/wp\/v2\/pages\/121","targetHints":{"allow":["GET"]}}],"collection":[{"href":"http:\/\/www.LOISIRSLAVALOUEST.ORG\/index.php?rest_route=\/wp\/v2\/pages"}],"about":[{"href":"http:\/\/www.LOISIRSLAVALOUEST.ORG\/index.php?rest_route=\/wp\/v2\/types\/page"}],"author":[{"embeddable":true,"href":"http:\/\/www.LOISIRSLAVALOUEST.ORG\/index.php?rest_route=\/wp\/v2\/users\/1"}],"replies":[{"embeddable":true,"href":"http:\/\/www.LOISIRSLAVALOUEST.ORG\/index.php?rest_route=%2Fwp%2Fv2%2Fcomments&post=121"}],"version-history":[{"count":20,"href":"http:\/\/www.LOISIRSLAVALOUEST.ORG\/index.php?rest_route=\/wp\/v2\/pages\/121\/revisions"}],"predecessor-version":[{"id":4296,"href":"http:\/\/www.LOISIRSLAVALOUEST.ORG\/index.php?rest_route=\/wp\/v2\/pages\/121\/revisions\/4296"}],"wp:attachment":[{"href":"http:\/\/www.LOISIRSLAVALOUEST.ORG\/index.php?rest_route=%2Fwp%2Fv2%2Fmedia&parent=121"}],"curies":[{"name":"wp","href":"https:\/\/api.w.org\/{rel}","templated":true}]}}