{"id":1400,"date":"2018-08-25T09:01:31","date_gmt":"2018-08-25T09:01:31","guid":{"rendered":"http:\/\/loisirslavalouest.org\/?page_id=1400"},"modified":"2025-12-27T09:37:38","modified_gmt":"2025-12-27T09:37:38","slug":"zumba-parents-enfants","status":"publish","type":"page","link":"http:\/\/www.LOISIRSLAVALOUEST.ORG\/?page_id=1400","title":{"rendered":"Zumba Parent-Enfant &#8211; Hiver 2026"},"content":{"rendered":"<p><!--h3><center><strong>*** Mise \u00e0 jour \u00e0 venir bient\u00f4t pour session Hiver 2026 ***<\/strong><\/center><\/h3>\n\n\n\n\n<h4><center><strong>On travaille tr\u00e8s fort en ce moment pour faire la\nmise \u00e0 jour de cette page avec tous les d\u00e9tails tr\u00e8s bient\u00f4t ! \ud83d\ude42\nAlors, revenez voir cette page dans quelques jours !<\/strong><\/center><\/h4>\n\n\n<center><img loading=\"lazy\" decoding=\"async\" src=\"http:\/\/www.LOISIRSLAVALOUEST.ORG\/wp-content\/uploads\/2022\/01\/Montage_Image_gratuite_Pixabay_pris_3_janv_2022_pour_site_LoisirsLavalOuest_handyman_et_programming_1857236.jpg\" alt=\"Page en construction\" width=\"500\" height=\"600\" class=\"aligncenter size-large wp-image-216\"><\/center--><br \/>\n<!--h4> NE PAS METTRE\n<span style=\"color: #ff0000;\"><center><b>***&nbsp; <u>NOUVEAU COURS !<\/u> &nbsp;***<\/b><\/center><\/span><\/h4-->\n<table>\n<tbody>\n<tr>\n<td width=\"25%\" style=\"background-color:#F7EE80;border:2px solid #000000;\"><center><b>\u00c2GE <\/b><\/center><\/td>\n<td align=\"center\" width=\"25%\" style=\"background-color:#F7EE80;border:2px solid #000000;\"><b>JOUR<\/b><\/td>\n<td align=\"center\" width=\"25%\" style=\"background-color:#F7EE80;border:2px solid #000000;\"><b>HEURES<\/b><\/td>\n<td width=\"25%\" style=\"background-color:#F7EE80;border:2px solid #000000;\"><center><b>CO\u00dbT <\/b><\/center><\/td>\n<\/tr>\n<tr>\n<td style=\"vertical-align: top;border:2px solid #000000;\"><center><strong>8 ans et +<\/strong><\/center><\/td>\n<td align=\"center\" width=\"25%\" style=\"vertical-align: top;border:2px solid #000000;\"><strong>Samedi<\/strong><\/td>\n<td align=\"center\" width=\"25%\" style=\"vertical-align: top;border:2px solid #000000;\"><strong>10 h 00 \u00e0 10 h 45<\/strong><\/td>\n<td style=\"vertical-align: top;border:2px solid #000000;\"><center><strong>Enfant : 36 $<br \/>\nAdulte : 54 $<\/strong><br \/>\n<\/center><\/td>\n<\/tr>\n<\/tbody>\n<\/table>\n<table>\n<tbody><\/tbody>\n<\/table>\n<table>\n<tbody>\n<tr>\n<td width=\"33%\" style=\"background-color:#3104B4;border:2px solid #81BEF7;\"><center><b><font color=\"#F7EE80\">DUR\u00c9E DU COURS<\/font><\/b><\/center><\/td>\n<td width=\"33%\" style=\"background-color:#3104B4;border:2px solid #81BEF7;\"><center><b><font color=\"#F7EE80\">NOMBRE DE SEMAINES<\/font><\/b><\/center><\/td>\n<td width=\"33%\" style=\"background-color:#3104B4;border:2px solid #81BEF7;\"><center><b><font color=\"#F7EE80\">DUR\u00c9E TOTALE<\/font><\/b><\/center><\/td>\n<\/tr>\n<tr>\n<td width=\"33%\" style=\"border:2px solid #3104B4;\"><center><strong>45 minutes<\/strong><\/center><\/td>\n<td width=\"33%\" style=\"border:2px solid #3104B4;\"><center><strong>12 semaines<\/strong><\/center><\/td>\n<td width=\"33%\" style=\"border:2px solid #3104B4;\"><center><strong>9 heures<\/strong><\/center><\/td>\n<\/tr>\n<\/tbody>\n<\/table>\n<table>\n<tbody><\/tbody>\n<\/table>\n<table rules=\"all\" style=\"frame:3px solid #cccccc;border:2px solid #cccccc;\">\n<tbody>\n<tr>\n<td rules=\"all\" width=\"50%\" align=\"right\" style=\"background-color:#81F79F;border:2px solid #088A08;\"><b>PROFESSEURE &nbsp;&nbsp;<\/b><\/td>\n<td rules=\"all\" width=\"50%\" style=\"background-color:#ffffff;border:2px solid #088A08;\"><left>&nbsp;&nbsp;<strong>Myriam Landry<\/strong><\/left><\/td>\n<\/tr>\n<\/tbody>\n<\/table>\n<ul><\/ul>\n<table>\n<tbody><\/tbody>\n<\/table>\n<table>\n<tbody>\n<tr>\n<td style=\"vertical-align: top; background-color: #FFFFFF; border: 2px solid #FF0000;\" width=\"100%\"><center><b><font color=\"black\">Pour plus d&#8217;informations, svp contacter la personne responsable de ce cours :<\/font><\/b><\/center><\/td>\n<\/tr>\n<tr>\n<td style=\"vertical-align: top; background-color: #FC927C; border: 2px solid #FF0000;\" width=\"100%\"><center><b><font color=\"black\">Nancy St-Jean<\/font><\/b><\/center><\/td>\n<\/tr>\n<tr>\n<td style=\"background-color: #ffffff; border: 2px solid #FF0000;\"><center><img loading=\"lazy\" decoding=\"async\" class=\"aligncenter size-medium wp-image-398\" src=\"http:\/\/www.LOISIRSLAVALOUEST.ORG\/wp-content\/uploads\/2022\/08\/CCLO_Nancy_St_Jean.png\" alt=\"Nancy St-Jean\" width=\"150\" height=\"140\"><\/center><\/td>\n<\/tr>\n<tr>\n<td style=\"vertical-align: top; background-color: #FC927C; border: 2px solid #FF0000;\" width=\"100%\"><center><strong><font color=\"black\">T\u00e9l.: 514 261-6140<\/font><\/strong><\/center><\/td>\n<\/tr>\n<\/tbody>\n<\/table>\n","protected":false},"excerpt":{"rendered":"<p>\u00c2GE JOUR HEURES CO\u00dbT 8 ans et + Samedi 10 h 00 \u00e0 10 h 45 Enfant : 36 $ Adulte : 54 $ DUR\u00c9E DU COURS NOMBRE DE SEMAINES DUR\u00c9E TOTALE 45 minutes 12 semaines 9 heures PROFESSEURE &nbsp;&nbsp; &nbsp;&nbsp;Myriam Landry Pour plus d&#8217;informations, svp contacter la personne responsable de ce cours : Nancy &hellip; <a href=\"http:\/\/www.LOISIRSLAVALOUEST.ORG\/?page_id=1400\" class=\"more-link\">Continue reading <span class=\"screen-reader-text\">Zumba Parent-Enfant &#8211; Hiver 2026<\/span><\/a><\/p>\n","protected":false},"author":2,"featured_media":0,"parent":0,"menu_order":0,"comment_status":"closed","ping_status":"closed","template":"","meta":{"footnotes":""},"class_list":["post-1400","page","type-page","status-publish","hentry"],"_links":{"self":[{"href":"http:\/\/www.LOISIRSLAVALOUEST.ORG\/index.php?rest_route=\/wp\/v2\/pages\/1400","targetHints":{"allow":["GET"]}}],"collection":[{"href":"http:\/\/www.LOISIRSLAVALOUEST.ORG\/index.php?rest_route=\/wp\/v2\/pages"}],"about":[{"href":"http:\/\/www.LOISIRSLAVALOUEST.ORG\/index.php?rest_route=\/wp\/v2\/types\/page"}],"author":[{"embeddable":true,"href":"http:\/\/www.LOISIRSLAVALOUEST.ORG\/index.php?rest_route=\/wp\/v2\/users\/2"}],"replies":[{"embeddable":true,"href":"http:\/\/www.LOISIRSLAVALOUEST.ORG\/index.php?rest_route=%2Fwp%2Fv2%2Fcomments&post=1400"}],"version-history":[{"count":19,"href":"http:\/\/www.LOISIRSLAVALOUEST.ORG\/index.php?rest_route=\/wp\/v2\/pages\/1400\/revisions"}],"predecessor-version":[{"id":4294,"href":"http:\/\/www.LOISIRSLAVALOUEST.ORG\/index.php?rest_route=\/wp\/v2\/pages\/1400\/revisions\/4294"}],"wp:attachment":[{"href":"http:\/\/www.LOISIRSLAVALOUEST.ORG\/index.php?rest_route=%2Fwp%2Fv2%2Fmedia&parent=1400"}],"curies":[{"name":"wp","href":"https:\/\/api.w.org\/{rel}","templated":true}]}}