{"id":1974,"date":"2019-08-22T01:30:50","date_gmt":"2019-08-22T01:30:50","guid":{"rendered":"http:\/\/loisirslavalouest.org\/?page_id=1974"},"modified":"2025-12-26T07:49:51","modified_gmt":"2025-12-26T07:49:51","slug":"ballet-classique","status":"publish","type":"page","link":"http:\/\/www.LOISIRSLAVALOUEST.ORG\/?page_id=1974","title":{"rendered":"Ballet Classique &#8211; Hiver 2026"},"content":{"rendered":"<p><!--h3><center><strong>*** Mise \u00e0 jour \u00e0 venir bient\u00f4t pour session Automne 2025 ***<\/strong><\/center><\/h3>\n\n\n\n\n<h4><center><strong>On travaille tr\u00e8s fort en ce moment pour faire la\nmise \u00e0 jour de cette page avec tous les d\u00e9tails tr\u00e8s bient\u00f4t ! \ud83d\ude42\nAlors, revenez voir cette page dans quelques jours !<\/strong><\/center><\/h4>\n\n\n<center><img loading=\"lazy\" decoding=\"async\" src=\"http:\/\/www.LOISIRSLAVALOUEST.ORG\/wp-content\/uploads\/2022\/01\/Montage_Image_gratuite_Pixabay_pris_3_janv_2022_pour_site_LoisirsLavalOuest_handyman_et_programming_1857236.jpg\" alt=\"Page en construction\" width=\"500\" height=\"600\" class=\"aligncenter size-large wp-image-216\"--><\/center><\/p>\n<h5><\/h5>\n<h1><center> <img loading=\"lazy\" decoding=\"async\" src=\"http:\/\/loisirslavalouest.org\/Site2016\/wp-content\/uploads\/2016\/09\/classique.bmp\" alt=\"classique\" width=\"172\" height=\"205\" class=\"aligncenter size-full wp-image-396\"><\/center><\/h1>\n<ul><\/ul>\n<table>\n<tbody><\/tbody>\n<\/table>\n<table>\n<tbody>\n<tr>\n<td align=\"right\" width=\"50%\" style=\"background-color:#00ffff;border:2px solid #000000;\"><b> \u00c2GE &nbsp;&nbsp;<\/b><\/td>\n<td style=\"background-color:#FFFFFF;border:2px solid #000000;\"><left>&nbsp;&nbsp;<b>7 ans et +  <\/b><\/left><\/td>\n<\/tr>\n<tr>\n<td align=\"right\" width=\"50%\" style=\"background-color:#99ffff;border:2px solid #000000;\"><b>JOUR &#038; HEURE &nbsp;&nbsp;<\/b><\/td>\n<td style=\"background-color:#FFFFFF;border:2px solid #000000;\"><left>&nbsp;&nbsp;<b>Samedi \u00e0 midi<\/b><\/left><\/td>\n<\/tr>\n<tr>\n<td align=\"right\" width=\"50%\" style=\"vertical-align: top;background-color:#00ffff;border:2px solid #000000;\"><b>DUR\u00c9E DU COURS &nbsp;&nbsp;<\/b><\/td>\n<td style=\"background-color:#FFFFFF;border:2px solid #000000;\"><left>&nbsp;&nbsp;<b>1 heure<\/b><\/left><\/td>\n<\/tr>\n<tr>\n<td align=\"right\" width=\"50%\" style=\"vertical-align: top;background-color:#99ffff;border:2px solid #000000;\"><b>CO\u00dbT &nbsp;&nbsp;<\/b><\/td>\n<td style=\"background-color:#FFFFFF;border:2px solid #000000;\"><left>&nbsp;&nbsp;<b>Enfant : 70 $<\/b><\/left><\/td>\n<\/tr>\n<tr>\n<td align=\"right\" width=\"50%\" style=\"background-color:#00ffff;border:2px solid #000000;\"><b><b>NOMBRE DE SEMAINES &nbsp;&nbsp;<\/b><\/b><\/td>\n<td style=\"background-color:#FFFFFF;border:2px solid #000000;\"><left>&nbsp;&nbsp;<b>14 + 1 semaines<em><!-- \u00c0 METTRE \u00c0 L'HIVER 2026--><br \/>\n&nbsp; <font color=\"red\">(1 heure pour la g\u00e9n\u00e9rale* inclus)<\/font><\/em><\/b><\/left><\/td>\n<\/tr>\n<tr>\n<td align=\"right\" width=\"50%\" style=\"vertical-align: top;background-color:#99ffff;border:2px solid #000000;\"><b>DUR\u00c9E TOTALE &nbsp;&nbsp;<\/b><\/td>\n<td style=\"background-color:#FFFFFF;border:2px solid #000000;\"><left>&nbsp;&nbsp;<b>15 heures <\/b><\/left><\/td>\n<\/tr>\n<\/tbody>\n<\/table>\n<p><center><strong><font color=\"black\">*<em>\u00c0 noter qu&#8217;un spectacle de fin d&#8217;ann\u00e9e est pr\u00e9vu le 3 mai 2026<br \/>\n\u00e0 la Salle Andr\u00e9-Mathieu de Laval.<\/em><\/font><\/strong><\/center><\/p>\n<ul><\/ul>\n<table>\n<tbody>\n<tr>\n<td align=\"right\" width=\"50%\" style=\"background-color:#00ffff;border:2px solid #000000;\"><b>PROFESSEURE &nbsp;&nbsp;<\/b><\/td>\n<td style=\"background-color:#FFFFFF;border:2px solid #000000;\"><left>&nbsp;&nbsp;<b>Kim R\u00e9gimbald<\/b><\/left><\/td>\n<\/tr>\n<\/tbody>\n<\/table>\n<ul><\/ul>\n<table>\n<tbody><\/tbody>\n<\/table>\n<p><b><\/b><\/p>\n<table>\n<tbody>\n<tr>\n<td style=\"vertical-align: top; background-color: #ffffff; border: 2px solid #000000;\" width=\"100%\"><center><b><span style=\"color: black;\">Pour plus d&#8217;informations, svp contacter la personne responsable de ce cours :<\/span><\/b><\/center><\/td>\n<\/tr>\n<tr>\n<td style=\"vertical-align: top; background-color: #00ffff; border: 2px solid #000000;\" width=\"100%\"><center><b>Nella Zuccaro<\/b><\/center><\/td>\n<\/tr>\n<tr>\n<td style=\"background-color: #ffffff; border: 2px solid #000000;\"><center><img loading=\"lazy\" decoding=\"async\" class=\"aligncenter size-medium wp-image-1863\" src=\"http:\/\/loisirslavalouest.org\/Site2016\/wp-content\/uploads\/2019\/01\/Nella_janvier_2019-234x300.png\" alt=\"Nella_janvier_2019\" width=\"117\" height=\"150\"><\/center><\/td>\n<\/tr>\n<tr>\n<td style=\"vertical-align: top; background-color: #99ffff; border: 2px solid #000000;\" width=\"100%\"><center><strong>T\u00e9l.: 438 887-8511<br \/>\n<a href=\"mailto:zuccaronantel@sympatico.ca\">zuccaronantel@sympatico.ca<\/a><\/strong><\/center><\/td>\n<\/tr>\n<\/tbody>\n<\/table>\n<p><!-- D\u00c9BUT DU COMMENTAIRE POUR HIVER <center><strong><em><font color=\"red\">*\u00c0 noter : le spectacle de fin d'ann\u00e9e est pr\u00e9vu le 30 avril 2023, \u00e0 la Salle Andr\u00e9-Mathieu de Laval<\/font><\/em><\/strong><\/center> \nFIN DU COMMENTAIRE POUR HIVER--><br \/>\n<!-- COMMENTAIRE NON N\u00c9CESSAIRE SI PAS D'ADULTES center><strong><b>** Sont consid\u00e9r\u00e9es mineures, les personnes de 17 ans et moins,\net de 18 \u00e0 21 ans avec preuve \u00e9tudiante \u00e0 plein temps.<\/b><\/strong><\/center  FIN DU COMMENTAIRE SI PAS D'ADULTES--><br \/>\n<!-- COMMENTAIRE QUE Y'A PAS D'ADULTE POUR AUTOMNE 2022 &nbsp;&nbsp;<b>Adulte : 73 $<\/b><\/strong><\/left \nFIN DU COMMENTAIRE QUE Y'A PAS D'ADULTE POUR AUTOMNE 2022 --><\/p>\n","protected":false},"excerpt":{"rendered":"<p>\u00c2GE &nbsp;&nbsp; &nbsp;&nbsp;7 ans et + JOUR &#038; HEURE &nbsp;&nbsp; &nbsp;&nbsp;Samedi \u00e0 midi DUR\u00c9E DU COURS &nbsp;&nbsp; &nbsp;&nbsp;1 heure CO\u00dbT &nbsp;&nbsp; &nbsp;&nbsp;Enfant : 70 $ NOMBRE DE SEMAINES &nbsp;&nbsp; &nbsp;&nbsp;14 + 1 semaines &nbsp; (1 heure pour la g\u00e9n\u00e9rale* inclus) DUR\u00c9E TOTALE &nbsp;&nbsp; &nbsp;&nbsp;15 heures *\u00c0 noter qu&#8217;un spectacle de fin d&#8217;ann\u00e9e est pr\u00e9vu le &hellip; <a href=\"http:\/\/www.LOISIRSLAVALOUEST.ORG\/?page_id=1974\" class=\"more-link\">Continue reading <span class=\"screen-reader-text\">Ballet Classique &#8211; Hiver 2026<\/span><\/a><\/p>\n","protected":false},"author":2,"featured_media":0,"parent":0,"menu_order":0,"comment_status":"closed","ping_status":"closed","template":"","meta":{"footnotes":""},"class_list":["post-1974","page","type-page","status-publish","hentry"],"_links":{"self":[{"href":"http:\/\/www.LOISIRSLAVALOUEST.ORG\/index.php?rest_route=\/wp\/v2\/pages\/1974","targetHints":{"allow":["GET"]}}],"collection":[{"href":"http:\/\/www.LOISIRSLAVALOUEST.ORG\/index.php?rest_route=\/wp\/v2\/pages"}],"about":[{"href":"http:\/\/www.LOISIRSLAVALOUEST.ORG\/index.php?rest_route=\/wp\/v2\/types\/page"}],"author":[{"embeddable":true,"href":"http:\/\/www.LOISIRSLAVALOUEST.ORG\/index.php?rest_route=\/wp\/v2\/users\/2"}],"replies":[{"embeddable":true,"href":"http:\/\/www.LOISIRSLAVALOUEST.ORG\/index.php?rest_route=%2Fwp%2Fv2%2Fcomments&post=1974"}],"version-history":[{"count":17,"href":"http:\/\/www.LOISIRSLAVALOUEST.ORG\/index.php?rest_route=\/wp\/v2\/pages\/1974\/revisions"}],"predecessor-version":[{"id":4245,"href":"http:\/\/www.LOISIRSLAVALOUEST.ORG\/index.php?rest_route=\/wp\/v2\/pages\/1974\/revisions\/4245"}],"wp:attachment":[{"href":"http:\/\/www.LOISIRSLAVALOUEST.ORG\/index.php?rest_route=%2Fwp%2Fv2%2Fmedia&parent=1974"}],"curies":[{"name":"wp","href":"https:\/\/api.w.org\/{rel}","templated":true}]}}