{"id":50,"date":"2016-09-01T23:55:27","date_gmt":"2016-09-01T23:55:27","guid":{"rendered":"http:\/\/loisirslavalouest.org\/Site2016\/?page_id=50"},"modified":"2025-12-26T07:36:30","modified_gmt":"2025-12-26T07:36:30","slug":"animation","status":"publish","type":"page","link":"http:\/\/www.LOISIRSLAVALOUEST.ORG\/?page_id=50","title":{"rendered":"Animation &#8211; Hiver 2026"},"content":{"rendered":"<p><!--h3><center><strong>*** Mise \u00e0 jour \u00e0 venir bient\u00f4t pour session Automne 2025 ***<\/strong><\/center><\/h3>\n\n\n\n\n<h4><center><strong>On travaille tr\u00e8s fort en ce moment pour faire la\nmise \u00e0 jour de cette page avec tous les d\u00e9tails tr\u00e8s bient\u00f4t ! \ud83d\ude42\nAlors, revenez voir cette page dans quelques jours !<\/strong><\/center><\/h4>\n\n\n<center><img loading=\"lazy\" decoding=\"async\" src=\"http:\/\/www.LOISIRSLAVALOUEST.ORG\/wp-content\/uploads\/2022\/01\/Montage_Image_gratuite_Pixabay_pris_3_janv_2022_pour_site_LoisirsLavalOuest_handyman_et_programming_1857236.jpg\" alt=\"Page en construction\" width=\"500\" height=\"600\" class=\"aligncenter size-large wp-image-216\"--><\/center><\/p>\n<h4><center><b>Les amis de Gabrielle !<\/b><\/center><\/h4>\n<h4><\/h4>\n<p><center><img loading=\"lazy\" decoding=\"async\" class=\"aligncenter size-full wp-image-1444\" src=\"http:\/\/loisirslavalouest.org\/Site2016\/wp-content\/uploads\/2018\/08\/Animation_OpenclipartFreeCCImages.png\" alt=\"Animation_OpenclipartFreeCCImages\" width=\"291\" height=\"222\"><\/center><\/p>\n<p><center><b>Une activit\u00e9 durant laquelle se m\u00e9lange<br \/>\nbricolages, jeux en \u00e9quipe et histoires!<\/b><\/center><\/p>\n<table>\n<tbody>\n<tr>\n<td style=\"background-color: #9ff781; border: 2px solid #000000;\" width=\"25%\"><center><b> \u00c2GE <\/b><\/center><\/td>\n<td style=\"background-color: #f7d358; border: 2px solid #000000;\" width=\"25%\"><center><b>DUR\u00c9E DU COURS<\/b><\/center><\/td>\n<td style=\"background-color: #5882fa; border: 2px solid #000000;\" width=\"25%\"><center><b><span style=\"color: white;\">NOMBRE DE SEMAINES<\/span><\/b><\/center><\/td>\n<td style=\"background-color: #fe2e2e; border: 2px solid #000000;\" width=\"25%\"><center><b><span style=\"color: white;\">DUR\u00c9E TOTALE<\/span><\/b><\/center><\/td>\n<\/tr>\n<tr>\n<td style=\"border: 2px solid #000000;\"><center><strong>3 \u00e0 5 ans<\/strong><\/center><\/td>\n<td style=\"border: 2px solid #000000;\"><center><strong>1 h 00<\/strong><\/center><\/td>\n<td style=\"border: 2px solid #000000;\"><center><strong>14<\/strong><\/center><\/td>\n<td style=\"border: 2px solid #000000;\"><center><strong>14 heures<\/strong><\/center><\/td>\n<\/tr>\n<\/tbody>\n<\/table>\n<table>\n<tbody>\n<tr>\n<td style=\"background-color: #a4a4a4; border: 2px solid #000000;\" align=\"center\" width=\"33%\"><b><span style=\"color: black;\">JOUR<\/span><\/b><\/td>\n<td style=\"background-color: #a4a4a4; border: 2px solid #000000;\" align=\"center\" width=\"33%\"><b><span style=\"color: black;\">HEURE DU COURS<\/span><\/b><\/td>\n<td style=\"background-color: #a4a4a4; border: 2px solid #000000;\" align=\"center\" width=\"33%\"><b><span style=\"color: black;\">CO\u00dbT <\/span><\/b><\/td>\n<\/tr>\n<tr>\n<td style=\"border: 2px solid #000000;\" align=\"center\" width=\"33%\"><strong>Samedi matin<\/strong><\/td>\n<td style=\"border: 2px solid #000000;\" align=\"center\" width=\"33%\"><strong>9 h 00<br \/><em>(horaire \u00e0 confirmer)<\/em><\/strong><\/td>\n<td style=\"border: 2px solid #000000;\" align=\"center\" width=\"33%\"><strong>61 $<\/strong><\/td>\n<\/tr>\n<\/tbody>\n<\/table>\n<table>\n<tbody>\n<tr>\n<td style=\"background-color: #9ff781; border: 2px solid #000000;\" align=\"right\" width=\"50%\"><b>PROFESSEURE &nbsp;&nbsp;<\/b><\/td>\n<td style=\"border: 2px solid #000000;\">&nbsp;&nbsp;<strong>Gabrielle Dup\u00e9r\u00e9<\/strong><\/td>\n<\/tr>\n<\/tbody>\n<\/table>\n<table style=\"frame: 2px solid #cccccc; border: 2px solid #cccccc;\">\n<tbody>\n<tr>\n<td style=\"vertical-align: top; background-color: #ffffff; border: 2px solid #000000;\" width=\"100%\"><center><b><span style=\"color: black;\">Pour plus d&#8217;informations, svp contacter la personne responsable de ce cours :<\/span><\/b><\/center><\/td>\n<\/tr>\n<tr>\n<td style=\"background-color: #f7d358; border: 2px solid #000000;\"><center><b>Marleyne Turcotte<\/b><\/center><\/td>\n<\/tr>\n<tr>\n<td style=\"background-color: #ffffff; border: 2px solid #000000;\"><center><img loading=\"lazy\" decoding=\"async\" src=\"http:\/\/www.LOISIRSLAVALOUEST.ORG\/wp-content\/uploads\/2023\/12\/Marleyne_Turcotte.jpg\" width=\"101\" height=\"100\" align=\"center\" border=\"0\"><\/center><\/td>\n<\/tr>\n<tr>\n<td style=\"background-color: #f7d358; border: 2px solid #000000;\"><center><strong>T\u00e9l.: 450 962-8857<\/strong><\/center><\/td>\n<\/tr>\n<\/tbody>\n<\/table>\n","protected":false},"excerpt":{"rendered":"<p>Les amis de Gabrielle ! Une activit\u00e9 durant laquelle se m\u00e9lange bricolages, jeux en \u00e9quipe et histoires! \u00c2GE DUR\u00c9E DU COURS NOMBRE DE SEMAINES DUR\u00c9E TOTALE 3 \u00e0 5 ans 1 h 00 14 14 heures JOUR HEURE DU COURS CO\u00dbT Samedi matin 9 h 00(horaire \u00e0 confirmer) 61 $ PROFESSEURE &nbsp;&nbsp; &nbsp;&nbsp;Gabrielle Dup\u00e9r\u00e9 Pour &hellip; <a href=\"http:\/\/www.LOISIRSLAVALOUEST.ORG\/?page_id=50\" class=\"more-link\">Continue reading <span class=\"screen-reader-text\">Animation &#8211; Hiver 2026<\/span><\/a><\/p>\n","protected":false},"author":1,"featured_media":0,"parent":0,"menu_order":0,"comment_status":"closed","ping_status":"closed","template":"","meta":{"footnotes":""},"class_list":["post-50","page","type-page","status-publish","hentry"],"_links":{"self":[{"href":"http:\/\/www.LOISIRSLAVALOUEST.ORG\/index.php?rest_route=\/wp\/v2\/pages\/50","targetHints":{"allow":["GET"]}}],"collection":[{"href":"http:\/\/www.LOISIRSLAVALOUEST.ORG\/index.php?rest_route=\/wp\/v2\/pages"}],"about":[{"href":"http:\/\/www.LOISIRSLAVALOUEST.ORG\/index.php?rest_route=\/wp\/v2\/types\/page"}],"author":[{"embeddable":true,"href":"http:\/\/www.LOISIRSLAVALOUEST.ORG\/index.php?rest_route=\/wp\/v2\/users\/1"}],"replies":[{"embeddable":true,"href":"http:\/\/www.LOISIRSLAVALOUEST.ORG\/index.php?rest_route=%2Fwp%2Fv2%2Fcomments&post=50"}],"version-history":[{"count":31,"href":"http:\/\/www.LOISIRSLAVALOUEST.ORG\/index.php?rest_route=\/wp\/v2\/pages\/50\/revisions"}],"predecessor-version":[{"id":4241,"href":"http:\/\/www.LOISIRSLAVALOUEST.ORG\/index.php?rest_route=\/wp\/v2\/pages\/50\/revisions\/4241"}],"wp:attachment":[{"href":"http:\/\/www.LOISIRSLAVALOUEST.ORG\/index.php?rest_route=%2Fwp%2Fv2%2Fmedia&parent=50"}],"curies":[{"name":"wp","href":"https:\/\/api.w.org\/{rel}","templated":true}]}}