{"id":536,"date":"2016-09-07T12:38:27","date_gmt":"2016-09-07T12:38:27","guid":{"rendered":"http:\/\/loisirslavalouest.org\/Site2016\/?page_id=536"},"modified":"2016-09-07T12:38:27","modified_gmt":"2016-09-07T12:38:27","slug":"contact","status":"publish","type":"page","link":"http:\/\/www.LOISIRSLAVALOUEST.ORG\/?page_id=536","title":{"rendered":"Contact"},"content":{"rendered":"<p>\t\t\t\tVous pouvez nous rejoindre:<\/p>\n<p><strong>Courriel<\/strong><br \/>\n<a href=\"mailto:loisirslavalouest@videotron.ca;sergegauthier@hotmail.com\">loisirslavalouest@videotron.ca<\/a><\/p>\n<p><strong>T\u00e9l\u00e9phone<\/strong><br \/>\n(450) 627-1615<\/p>\n<p><strong>Addresse<\/strong><br \/>\nCentre Communautaire Laval-Ouest<br \/>\n6600, 29<sup>e<\/sup> avenue<br \/>\nLaval, Qu\u00e9bec<br \/>\nH7R 3M3<\/p>\n<p><iframe loading=\"lazy\" src=\"https:\/\/www.google.com\/maps\/embed?pb=!1m18!1m12!1m3!1d2794.2903490061103!2d-73.87178328420111!3d45.544484436103296!2m3!1f0!2f0!3f0!3m2!1i1024!2i768!4f13.1!3m3!1m2!1s0x4cc925140c1775c7%3A0xfa762273e20e0e36!2sService+Des+Loisirs+Laval-Ouest!5e0!3m2!1sfr!2sca!4v1473210751686\" width=\"400\" height=\"300\" frameborder=\"0\" allowfullscreen=\"allowfullscreen\"><\/iframe><\/p>\n<p><strong>Facebook<\/strong><br \/>\nAcc\u00e9dez \u00e0 notre page Facebook en cliquant sur ce lien :<br \/>\n<a href=\"https:\/\/www.facebook.com\/LeServicedesLoisirsLavalOuest\/\">https:\/\/www.facebook.com\/LeServicedesLoisirsLavalOuest\/<\/a><br \/>\nEt surtout, n&#8217;h\u00e9sitez pas \u00e0 cliquer sur &nbsp;<img loading=\"lazy\" decoding=\"async\" src=\"http:\/\/loisirslavalouest.org\/Site2016\/wp-content\/uploads\/2017\/09\/J_aime_Facebook-300x104.png\" alt=\"J_aime_Facebook\" width=\"75\" height=\"26\" class=\"size-medium wp-image-1097\" \/>&nbsp; ou &nbsp;<img loading=\"lazy\" decoding=\"async\" src=\"http:\/\/loisirslavalouest.org\/Site2016\/wp-content\/uploads\/2017\/09\/Partager_Facebook-300x92.png\" alt=\"Partager_Facebook\" width=\"90\" height=\"27\" class=\"size-medium wp-image-1098\" \/>&nbsp; afin de nous encourager \u00e0 vous offrir des activit\u00e9s \u00e9patantes!\t\t<\/p>\n","protected":false},"excerpt":{"rendered":"<p>Vous pouvez nous rejoindre: Courriel loisirslavalouest@videotron.ca T\u00e9l\u00e9phone (450) 627-1615 Addresse Centre Communautaire Laval-Ouest 6600, 29e avenue Laval, Qu\u00e9bec H7R 3M3 Facebook Acc\u00e9dez \u00e0 notre page Facebook en cliquant sur ce lien : https:\/\/www.facebook.com\/LeServicedesLoisirsLavalOuest\/ Et surtout, n&#8217;h\u00e9sitez pas \u00e0 cliquer sur &nbsp;&nbsp; ou &nbsp;&nbsp; afin de nous encourager \u00e0 vous offrir des activit\u00e9s \u00e9patantes!<\/p>\n","protected":false},"author":1,"featured_media":0,"parent":0,"menu_order":0,"comment_status":"closed","ping_status":"closed","template":"","meta":{"footnotes":""},"class_list":["post-536","page","type-page","status-publish","hentry"],"_links":{"self":[{"href":"http:\/\/www.LOISIRSLAVALOUEST.ORG\/index.php?rest_route=\/wp\/v2\/pages\/536","targetHints":{"allow":["GET"]}}],"collection":[{"href":"http:\/\/www.LOISIRSLAVALOUEST.ORG\/index.php?rest_route=\/wp\/v2\/pages"}],"about":[{"href":"http:\/\/www.LOISIRSLAVALOUEST.ORG\/index.php?rest_route=\/wp\/v2\/types\/page"}],"author":[{"embeddable":true,"href":"http:\/\/www.LOISIRSLAVALOUEST.ORG\/index.php?rest_route=\/wp\/v2\/users\/1"}],"replies":[{"embeddable":true,"href":"http:\/\/www.LOISIRSLAVALOUEST.ORG\/index.php?rest_route=%2Fwp%2Fv2%2Fcomments&post=536"}],"version-history":[{"count":1,"href":"http:\/\/www.LOISIRSLAVALOUEST.ORG\/index.php?rest_route=\/wp\/v2\/pages\/536\/revisions"}],"predecessor-version":[{"id":2528,"href":"http:\/\/www.LOISIRSLAVALOUEST.ORG\/index.php?rest_route=\/wp\/v2\/pages\/536\/revisions\/2528"}],"wp:attachment":[{"href":"http:\/\/www.LOISIRSLAVALOUEST.ORG\/index.php?rest_route=%2Fwp%2Fv2%2Fmedia&parent=536"}],"curies":[{"name":"wp","href":"https:\/\/api.w.org\/{rel}","templated":true}]}}