{"id":56,"date":"2016-09-01T23:55:50","date_gmt":"2016-09-01T23:55:50","guid":{"rendered":"http:\/\/loisirslavalouest.org\/Site2016\/?page_id=56"},"modified":"2025-12-26T07:33:05","modified_gmt":"2025-12-26T07:33:05","slug":"badminton-adulte","status":"publish","type":"page","link":"http:\/\/www.LOISIRSLAVALOUEST.ORG\/?page_id=56","title":{"rendered":"Badminton Adulte &#8211; Hiver 2026"},"content":{"rendered":"<p><!--h3><center><strong>*** Mise \u00e0 jour \u00e0 venir bient\u00f4t pour session Hiver 2026 ***<\/strong><\/center><\/h3>\n\n\n\n\n<h4><center><strong>On travaille tr\u00e8s fort en ce moment pour faire la\nmise \u00e0 jour de cette page avec tous les d\u00e9tails tr\u00e8s bient\u00f4t ! \ud83d\ude42\nAlors, revenez voir cette page dans quelques jours !<\/strong><\/center><\/h4>\n\n\n<center><img loading=\"lazy\" decoding=\"async\" src=\"http:\/\/www.LOISIRSLAVALOUEST.ORG\/wp-content\/uploads\/2022\/01\/Montage_Image_gratuite_Pixabay_pris_3_janv_2022_pour_site_LoisirsLavalOuest_handyman_et_programming_1857236.jpg\" alt=\"Page en construction\" width=\"500\" height=\"600\" class=\"aligncenter size-large wp-image-216\"--><\/center><\/p>\n<h5><\/h5>\n<p><img loading=\"lazy\" decoding=\"async\" src=\"http:\/\/loisirslavalouest.org\/Site2016\/wp-content\/uploads\/2018\/08\/Badminton_Volant_PixabayFreePict_shuttlecock_3512875_640-300x300.jpg\" alt=\"Badminton_Volant_PixabayFreePict_shuttlecock_3512875_640\" class=\"aligncenter size-medium wp-image-1443\" height=\"200\" width=\"200\" srcset=\"http:\/\/www.LOISIRSLAVALOUEST.ORG\/wp-content\/uploads\/2018\/08\/Badminton_Volant_PixabayFreePict_shuttlecock_3512875_640-300x300.jpg 300w, http:\/\/www.LOISIRSLAVALOUEST.ORG\/wp-content\/uploads\/2018\/08\/Badminton_Volant_PixabayFreePict_shuttlecock_3512875_640-150x150.jpg 150w, http:\/\/www.LOISIRSLAVALOUEST.ORG\/wp-content\/uploads\/2018\/08\/Badminton_Volant_PixabayFreePict_shuttlecock_3512875_640-100x100.jpg 100w, http:\/\/www.LOISIRSLAVALOUEST.ORG\/wp-content\/uploads\/2018\/08\/Badminton_Volant_PixabayFreePict_shuttlecock_3512875_640.jpg 640w\" sizes=\"auto, (max-width: 200px) 100vw, 200px\" \/><\/p>\n<h4>\n<p style=\"text-align: center;\"><strong>  Badminton * * * libre  * * * <\/strong><\/p>\n<\/h4>\n<p><strong><\/strong><\/p>\n<table>\n<tbody>\n<tr>\n<td  width=\"33%\" style=\"background-color:#bbbbbb;border:2px solid #000000;\"><center><b>\u00c2GE<\/b><\/center><\/td>\n<td  colspan=\"2\" style=\"background-color:#76CFD4;border:2px solid #000000;\"><center><strong>Adultes<\/strong><\/center><\/td>\n<\/tr>\n<tr>\n<td width=\"33%\" style=\"background-color:#D8D8D8;border:2px solid #000000;\"><center><b>SOIRS<\/b><\/center><\/td>\n<td width=\"33%\" style=\"background-color:#8AC63D;border:2px solid #000000;\"><center><strong>Lundi<br \/>\n<em>(au Centre Acc\u00e8s)<\/em><\/strong><\/center><\/td>\n<td width=\"33%\" style=\"background-color:#52A769;border:2px solid #000000;\"><center><strong>Mardi<\/strong><\/center><\/td>\n<\/tr>\n<tr>\n<td width=\"33%\" style=\"background-color:#bbbbbb;border:2px solid #000000;\"><center><b>HEURES<\/b><\/center><\/td>\n<td width=\"33%\"  style=\"background-color:#ffffff;border:2px solid #000000;\"><center><strong>19 h 30 \u00e0 22 h 00<\/strong><\/center><\/td>\n<td width=\"33%\"  style=\"background-color:#ffffff;border:2px solid #000000;\"><center><strong>19 h 00 \u00e0 22 h 00<\/strong><\/center><\/td>\n<\/tr>\n<tr>\n<td width=\"33%\" style=\"background-color:#D8D8D8;border:2px solid #000000;\"><center><b>DUR\u00c9E<\/b><\/center><\/td>\n<td colspan=\"2\" style=\"background-color:#ffffff;border:2px solid #000000;\"><center><strong>2 h 30<\/strong><\/center><\/td>\n<\/tr>\n<tr>\n<td width=\"33%\" style=\"background-color:#D8D8D8;border:2px solid #000000;\"><center><b>CO\u00dbT<\/b><\/center><\/td>\n<td colspan=\"2\" style=\"background-color:#ffffff;border:2px solid #000000;\"><center><strong>75 $<\/strong><\/center><\/td>\n<\/tr>\n<tr>\n<td width=\"33%\" style=\"background-color:#bbbbbb;border:2px solid #000000;\"><center><b>NOMBRE DE SEMAINES<\/b><\/center><\/td>\n<td colspan=\"2\" style=\"background-color:#ffffff;border:2px solid #000000;\"><center><strong>12 semaines<\/strong><\/center><\/td>\n<\/tr>\n<tr>\n<td width=\"33%\" style=\"background-color:#D8D8D8;border:2px solid #000000;\"><center><b>DUR\u00c9E TOTALE<\/b><\/center><\/td>\n<td colspan=\"2\" style=\"background-color:#ffffff;border:2px solid #000000;\"><center><strong>30 heures<\/strong><\/center><\/td>\n<\/tr>\n<\/tbody>\n<\/table>\n<ul><\/ul>\n<table>\n<tbody><\/tbody>\n<\/table>\n<p><b><\/b><\/p>\n<table>\n<tbody>\n<tr>\n<td style=\"vertical-align: top; background-color: #ffffff; border: 2px solid #000000;\" width=\"100%\"><center><b><span style=\"color: black;\">Pour plus d&#8217;informations, svp contacter la personne responsable de ce cours :<\/span><\/b><\/center><\/td>\n<\/tr>\n<tr>\n<td style=\"background-color: #D8D8D8; border: 2px solid #000000;\"><center><b><span style=\"color: #251751;\">Benoit Th\u00e9berge<\/span><\/b><\/center><\/td>\n<\/tr>\n<tr>\n<td style=\"border: 2px solid #000000;\"><center><img loading=\"lazy\" decoding=\"async\" src=\"http:\/\/loisirslavalouest.org\/Site2016\/wp-content\/uploads\/2017\/08\/BenoitTheberge2017-215x300.jpg\" alt=\"Benoit Th\u00e9berge\" width=\"116\" height=\"150\" class=\"aligncenter size-medium wp-image-221\"><\/center><\/td>\n<\/tr>\n<tr>\n<td style=\"background-color: #D8D8D8; border: 2px solid #000000;\" width=\"100%\"><center><strong><span style=\"color: #251751;\">T\u00e9l.: 514 575-4291<\/span><\/strong><\/center><\/td>\n<\/tr>\n<\/tbody>\n<\/table>\n<p><!-- D\u00c9BUT DE COMMENTAIRE - QUAND Y'A DEUX RESPONSABLES \n\n\n<table>\n\n\n<tbody>\n\n\n<tr>\n\n\n<td colspan=\"2\" style=\"vertical-align: top; background-color: #FFFFFF; border: 2px solid #000000;\" width=\"100%\"><center><b><font color=\"black\">Pour plus d'informations, svp contacter la personne responsable de ce cours :<\/font><\/b><\/center><\/td>\n\n\n<\/tr>\n\n\n\n\n<tr>\n\n\n<td rules=\"all\" style=\"vertical-align: top;background-color:#bbbbbb;border:2px solid #000000;\" width=\"50%\"><center><b><u>Lundi soir<\/u> : au gymnase du\n<font color=\"red\">Centre Acc\u00e8s - BML 4<\/font><\/b><\/center><\/td>\n\n\n\n\n<td rules=\"all\" style=\"vertical-align: top;background-color:#cccccc;border:2px solid #000000;\" width=\"50%\"><center><b><u>Mardi soir<\/u> : au gymnase du\n<font color=\"green\">Centre Communautaire Laval-Ouest<\/font><\/b><\/center><\/td>\n\n\n<\/tr>\n\n\n\n\n<tr>\n\n\n<td rules=\"all\" style=\"vertical-align: top;background-color:#bbbbbb;border:2px solid #000000;\" width=\"50%\"><center><b>Benoit Th\u00e9berge<\/b><\/center><\/td>\n\n\n\n\n<td rules=\"all\" style=\"vertical-align: top;background-color:#D8D8D8;border:2px solid #000000;\" width=\"50%\"><center><b>Jean-Fran\u00e7ois Kam Thong<\/b><\/center><\/td>\n\n\n<\/tr>\n\n\n\n\n<tr>\n\n\n<td style=\"background-color:#ffffff;border:2px solid #000000;\" width=\"50%\"><center><img loading=\"lazy\" decoding=\"async\" src=\"http:\/\/loisirslavalouest.org\/Site2016\/wp-content\/uploads\/2017\/08\/BenoitTheberge2017-215x300.jpg\" alt=\"Benoit Theberge\" class=\"aligncenter size-medium wp-image-737\" height=\"100\" width=\"75\"><strong>T\u00e9l.: 514 575-4291<\/strong><\/center><\/td>\n\n\n\n\n<td style=\"background-color:#ffffff;border:2px solid #000000;\" width=\"50%\"><center><img loading=\"lazy\" decoding=\"async\" src=\"http:\/\/www.LOISIRSLAVALOUEST.ORG\/wp-content\/uploads\/2023\/08\/Photo_a_venir.jpg\" alt=\"Photo \u00e0 venir\" align=\"middle\" height=\"120\" border=\"0\" width=\"100\">\n<strong>T\u00e9l.: 438 405-2177\njfkt07@yahoo.fr<\/strong><\/center><\/td>\n\n\n<\/tr>\n\n\n<\/tbody>\n\n\n<\/table>\n\n FIN DE COMMENTAIRE - QUAND Y'A DEUX RESPONSABLES --><\/p>\n","protected":false},"excerpt":{"rendered":"<p>Badminton * * * libre * * * \u00c2GE Adultes SOIRS Lundi (au Centre Acc\u00e8s) Mardi HEURES 19 h 30 \u00e0 22 h 00 19 h 00 \u00e0 22 h 00 DUR\u00c9E 2 h 30 CO\u00dbT 75 $ NOMBRE DE SEMAINES 12 semaines DUR\u00c9E TOTALE 30 heures Pour plus d&#8217;informations, svp contacter la personne responsable &hellip; <a href=\"http:\/\/www.LOISIRSLAVALOUEST.ORG\/?page_id=56\" class=\"more-link\">Continue reading <span class=\"screen-reader-text\">Badminton Adulte &#8211; Hiver 2026<\/span><\/a><\/p>\n","protected":false},"author":1,"featured_media":0,"parent":0,"menu_order":0,"comment_status":"closed","ping_status":"closed","template":"","meta":{"footnotes":""},"class_list":["post-56","page","type-page","status-publish","hentry"],"_links":{"self":[{"href":"http:\/\/www.LOISIRSLAVALOUEST.ORG\/index.php?rest_route=\/wp\/v2\/pages\/56","targetHints":{"allow":["GET"]}}],"collection":[{"href":"http:\/\/www.LOISIRSLAVALOUEST.ORG\/index.php?rest_route=\/wp\/v2\/pages"}],"about":[{"href":"http:\/\/www.LOISIRSLAVALOUEST.ORG\/index.php?rest_route=\/wp\/v2\/types\/page"}],"author":[{"embeddable":true,"href":"http:\/\/www.LOISIRSLAVALOUEST.ORG\/index.php?rest_route=\/wp\/v2\/users\/1"}],"replies":[{"embeddable":true,"href":"http:\/\/www.LOISIRSLAVALOUEST.ORG\/index.php?rest_route=%2Fwp%2Fv2%2Fcomments&post=56"}],"version-history":[{"count":25,"href":"http:\/\/www.LOISIRSLAVALOUEST.ORG\/index.php?rest_route=\/wp\/v2\/pages\/56\/revisions"}],"predecessor-version":[{"id":4240,"href":"http:\/\/www.LOISIRSLAVALOUEST.ORG\/index.php?rest_route=\/wp\/v2\/pages\/56\/revisions\/4240"}],"wp:attachment":[{"href":"http:\/\/www.LOISIRSLAVALOUEST.ORG\/index.php?rest_route=%2Fwp%2Fv2%2Fmedia&parent=56"}],"curies":[{"name":"wp","href":"https:\/\/api.w.org\/{rel}","templated":true}]}}