{"id":89,"date":"2016-09-02T00:10:43","date_gmt":"2016-09-02T00:10:43","guid":{"rendered":"http:\/\/loisirslavalouest.org\/Site2016\/?page_id=89"},"modified":"2025-12-26T08:13:26","modified_gmt":"2025-12-26T08:13:26","slug":"jazz-moderne","status":"publish","type":"page","link":"http:\/\/www.LOISIRSLAVALOUEST.ORG\/?page_id=89","title":{"rendered":"Jazz Moderne &#8211; Hiver 2026"},"content":{"rendered":"<p><!--h3><center><strong>*** Mise \u00e0 jour \u00e0 venir bient\u00f4t pour session Automne 2025 ***<\/strong><\/center><\/h3>\n\n\n\n\n<h4><center><strong>On travaille tr\u00e8s fort en ce moment pour faire la\nmise \u00e0 jour de cette page avec tous les d\u00e9tails tr\u00e8s bient\u00f4t ! \ud83d\ude42\nAlors, revenez voir cette page dans quelques jours !<\/strong><\/center><\/h4>\n\n\n<center><img loading=\"lazy\" decoding=\"async\" src=\"http:\/\/www.LOISIRSLAVALOUEST.ORG\/wp-content\/uploads\/2022\/01\/Montage_Image_gratuite_Pixabay_pris_3_janv_2022_pour_site_LoisirsLavalOuest_handyman_et_programming_1857236.jpg\" alt=\"Page en construction\" width=\"500\" height=\"600\" class=\"aligncenter size-large wp-image-216\"><\/center--><\/p>\n<h5><\/h5>\n<div><img loading=\"lazy\" decoding=\"async\" class=\"aligncenter size-full wp-image-1006\" src=\"http:\/\/loisirslavalouest.org\/Site2016\/wp-content\/uploads\/2017\/08\/JazzModerne.jpg\" alt=\"JazzModerne\" width=\"231\" height=\"231\" srcset=\"http:\/\/www.LOISIRSLAVALOUEST.ORG\/wp-content\/uploads\/2017\/08\/JazzModerne.jpg 231w, http:\/\/www.LOISIRSLAVALOUEST.ORG\/wp-content\/uploads\/2017\/08\/JazzModerne-150x150.jpg 150w, http:\/\/www.LOISIRSLAVALOUEST.ORG\/wp-content\/uploads\/2017\/08\/JazzModerne-100x100.jpg 100w\" sizes=\"auto, (max-width: 231px) 100vw, 231px\" \/><\/div>\n<p><u><\/u><\/p>\n<table>\n<tbody>\n<tr>\n<td style=\"background-color: #81f7d8; border: 2px solid #000000;\" width=\"40%\"><center><b>\u00c2GE<\/b><\/center><\/td>\n<td style=\"background-color: #81f7d8; border: 2px solid #000000;\" width=\"25%\"><center><b>CO\u00dbT<\/b><\/center><\/td>\n<td style=\"background-color: #81f7d8; border: 2px solid #000000;\" width=\"35%\"><center><b>DUR\u00c9E DU COURS<\/b><\/center><\/td>\n<\/tr>\n<tr>\n<td style=\"background-color: #ffffff; border: 2px solid #000000;\" width=\"40%\"><center><strong><span style=\"color: black;\">3 ans et +<br \/>\n<em>(\u00e0 l\u2019inscription)<\/em><\/span><\/strong><\/center><\/td>\n<td style=\"background-color: #ffffff; border: 2px solid #000000;\" width=\"25%\"><center><strong>70 $<\/strong><\/center><\/td>\n<td style=\"background-color: #ffffff; border: 2px solid #000000;\" width=\"35%\"><center><strong>1 heure<\/strong><\/center><\/td>\n<\/tr>\n<\/tbody>\n<\/table>\n<table>\n<tbody>\n<tr>\n<td style=\"background-color: #81f7d8; border: 2px solid #000000;\" width=\"18%\"><center><b>JOUR<\/b><\/center><\/td>\n<td style=\"background-color: #81f7d8; border: 2px solid #000000;\" width=\"25%\"><center><b>HEURES DE D\u00c9BUT<\/b><\/center><\/td>\n<td style=\"background-color: #81f7d8; border: 2px solid #000000;\" width=\"32%\"><center><b>NOMBRE DE SEMAINE<\/b><\/center><\/td>\n<td style=\"background-color: #81f7d8; border: 2px solid #000000;\" width=\"25%\"><center><b>DUR\u00c9E TOTALE<\/b><\/center><\/td>\n<\/tr>\n<tr>\n<td style=\"background-color: #ffffff; border: 2px solid #000000;\" width=\"18%\"><center><strong>Samedi<\/strong><\/center><\/td>\n<td style=\"background-color: #ffffff; border: 2px solid #000000;\" width=\"25%\"><center><strong>9 h 00<br \/>\n10 h 00<br \/>\n11 h 00<\/strong><\/center><\/td>\n<td style=\"background-color: #ffffff; border: 2px solid #000000;\" width=\"32%\"><center><strong>14 <font color=\"red\">+ 1 pour la g\u00e9n\u00e9rale*<\/font><\/strong><\/center><\/td>\n<td style=\"background-color: #ffffff; border: 2px solid #000000;\" width=\"25%\"><center><strong>15 heures<\/strong><\/center><\/td>\n<\/tr>\n<\/tbody>\n<\/table>\n<p><center><strong><font color=\"black\">*<em>\u00c0 noter : le spectacle de fin d&#8217;ann\u00e9e est pr\u00e9vu le 3 mai 2026,<br \/>\n\u00e0 la Salle Andr\u00e9-Mathieu de Laval.<\/em><\/font><\/strong><\/center><\/p>\n<table>\n<tbody>\n<tr>\n<td style=\"vertical-align: top; background-color: #81f7d8; border: 2px solid #000000;\" align=\"right\" width=\"50%\"><b>PROFESSEURES &nbsp;&nbsp;<\/b><\/td>\n<td style=\"background-color: #ffffff; border: 2px solid #000000;\"><strong>&nbsp;&nbsp; Virginie Chabot<br \/>\n&nbsp;&nbsp; Kim R\u00e9gimbald<br \/>\n&nbsp;&nbsp; Alexandra Verebely<br \/>\n<\/strong><\/td>\n<\/tr>\n<\/tbody>\n<\/table>\n<table>\n<tbody>\n<tr>\n<td style=\"vertical-align: top; background-color: #ffffff; border: 2px solid #000000;\" width=\"100%\"><center><b><span style=\"color: black;\">Pour plus d&#8217;informations, svp contacter la personne responsable de ce cours :<\/span><\/b><\/center><\/td>\n<\/tr>\n<tr>\n<td style=\"vertical-align: top; background-color: #81f7d8; border: 2px solid #000000;\" width=\"100%\"><center><b>Nella Zuccaro<\/b><\/center><\/td>\n<\/tr>\n<tr>\n<td style=\"background-color: #ffffff; border: 2px solid #000000;\"><center><img loading=\"lazy\" decoding=\"async\" class=\"aligncenter size-medium wp-image-1863\" src=\"http:\/\/loisirslavalouest.org\/Site2016\/wp-content\/uploads\/2019\/01\/Nella_janvier_2019-234x300.png\" alt=\"Nella_janvier_2019\" width=\"117\" height=\"150\"><\/center><\/td>\n<\/tr>\n<tr>\n<td style=\"vertical-align: top; background-color: #81f7d8; border: 2px solid #000000;\" width=\"100%\"><center><strong>T\u00e9l.: 438 887-8511<br \/>\n<a href=\"mailto:zuccaronantel@sympatico.ca\">zuccaronantel@sympatico.ca<\/a><\/strong><\/center><\/td>\n<\/tr>\n<\/tbody>\n<\/table>\n<p><!-- D\u00c9BUT DU COMMENTAIRE COURS ADULTES - JE CROIS QU'ON NE LE MET PLUS <center><strong><span style=\"color: #ff0000;\">NOTER BIEN : il n'y a pas de nouvelle inscription en janvier 2019<\/span><\/strong><\/center><center><strong>pour les enfants \u00e2g\u00e9s <span style=\"color: #ff0000;\"><u>de 3 et 4 ans seulement<\/u>.<\/span><\/strong><\/center><strong> Les enfants de cet \u00e2ge seront admis \u00e0 la session d'automne.<\/strong>\n<center><strong><u>Pour tous les autres groupes<\/u> : on vous attend lors de l'inscription!<\/strong><\/center>\n<center><strong><font color=\"yellow\">Adultes<\/font><\/strong><\/center>\n<center><strong>90 $<\/strong><\/center  FIN DU COMMENTAIRE COURS ADULTES --><br \/>\n<!-- D\u00c9BUT DU COMMENTAIRE AUCUN COURS ADULTES AUTOMNE 2022 center><strong>** Sont consid\u00e9r\u00e9es mineures, les personnes de 17 ans et moins,<\/strong><\/center><center><strong>et de 18 \u00e0 21 ans avec preuve \u00e9tudiante \u00e0 plein temps.<\/strong><\/center FIN DU COMMENTAIRE COURS ADULTES --><\/p>\n","protected":false},"excerpt":{"rendered":"<p>\u00c2GE CO\u00dbT DUR\u00c9E DU COURS 3 ans et + (\u00e0 l\u2019inscription) 70 $ 1 heure JOUR HEURES DE D\u00c9BUT NOMBRE DE SEMAINE DUR\u00c9E TOTALE Samedi 9 h 00 10 h 00 11 h 00 14 + 1 pour la g\u00e9n\u00e9rale* 15 heures *\u00c0 noter : le spectacle de fin d&#8217;ann\u00e9e est pr\u00e9vu le 3 mai &hellip; <a href=\"http:\/\/www.LOISIRSLAVALOUEST.ORG\/?page_id=89\" class=\"more-link\">Continue reading <span class=\"screen-reader-text\">Jazz Moderne &#8211; Hiver 2026<\/span><\/a><\/p>\n","protected":false},"author":1,"featured_media":0,"parent":0,"menu_order":0,"comment_status":"closed","ping_status":"closed","template":"","meta":{"footnotes":""},"class_list":["post-89","page","type-page","status-publish","hentry"],"_links":{"self":[{"href":"http:\/\/www.LOISIRSLAVALOUEST.ORG\/index.php?rest_route=\/wp\/v2\/pages\/89","targetHints":{"allow":["GET"]}}],"collection":[{"href":"http:\/\/www.LOISIRSLAVALOUEST.ORG\/index.php?rest_route=\/wp\/v2\/pages"}],"about":[{"href":"http:\/\/www.LOISIRSLAVALOUEST.ORG\/index.php?rest_route=\/wp\/v2\/types\/page"}],"author":[{"embeddable":true,"href":"http:\/\/www.LOISIRSLAVALOUEST.ORG\/index.php?rest_route=\/wp\/v2\/users\/1"}],"replies":[{"embeddable":true,"href":"http:\/\/www.LOISIRSLAVALOUEST.ORG\/index.php?rest_route=%2Fwp%2Fv2%2Fcomments&post=89"}],"version-history":[{"count":23,"href":"http:\/\/www.LOISIRSLAVALOUEST.ORG\/index.php?rest_route=\/wp\/v2\/pages\/89\/revisions"}],"predecessor-version":[{"id":4255,"href":"http:\/\/www.LOISIRSLAVALOUEST.ORG\/index.php?rest_route=\/wp\/v2\/pages\/89\/revisions\/4255"}],"wp:attachment":[{"href":"http:\/\/www.LOISIRSLAVALOUEST.ORG\/index.php?rest_route=%2Fwp%2Fv2%2Fmedia&parent=89"}],"curies":[{"name":"wp","href":"https:\/\/api.w.org\/{rel}","templated":true}]}}